{"id":5,"date":"2018-01-17T13:59:00","date_gmt":"2018-01-17T17:59:00","guid":{"rendered":"http:\/\/ww2.asucom.com.py\/?page_id=5"},"modified":"2021-09-08T17:11:51","modified_gmt":"2021-09-08T21:11:51","slug":"inicio","status":"publish","type":"page","link":"http:\/\/www.asucom.com.py\/","title":{"rendered":"Inicio"},"content":{"rendered":"<h3>\u00a0<\/h3>\n<h3 style=\"text-align: center;\"><em>Portafolio COVID-19<\/em><\/h3>\n\n\n<div class=\"wp-block-columns is-layout-flex wp-container-core-columns-is-layout-9d6595d7 wp-block-columns-is-layout-flex\">\n<div class=\"wp-block-column is-layout-flow wp-block-column-is-layout-flow\">\n<div class=\"wp-block-cover has-background-dim\"><img fetchpriority=\"high\" decoding=\"async\" width=\"400\" height=\"400\" class=\"wp-block-cover__image-background wp-image-1876\" alt=\"\" src=\"http:\/\/www.asucom.com.py\/wp-content\/uploads\/2020\/08\/PARDO.jpg\" data-object-fit=\"cover\" srcset=\"http:\/\/www.asucom.com.py\/wp-content\/uploads\/2020\/08\/PARDO.jpg 400w, http:\/\/www.asucom.com.py\/wp-content\/uploads\/2020\/08\/PARDO-300x300.jpg 300w, http:\/\/www.asucom.com.py\/wp-content\/uploads\/2020\/08\/PARDO-150x150.jpg 150w\" sizes=\"(max-width: 400px) 100vw, 400px\" \/><div class=\"wp-block-cover__inner-container is-layout-flow wp-block-cover-is-layout-flow\">\n<p class=\"has-text-align-center has-large-font-size\">Camas<\/p>\n<\/div><\/div>\n\n\n\n<p class=\"has-text-align-center has-very-light-gray-background-color has-background\">Camas de internaci\u00f3n y de cuidados intensivos <strong>PARDO<\/strong><\/p>\n<\/div>\n\n\n\n<div class=\"wp-block-column is-layout-flow wp-block-column-is-layout-flow\">\n<div class=\"wp-block-cover has-background-dim\"><img decoding=\"async\" width=\"400\" height=\"400\" class=\"wp-block-cover__image-background wp-image-1875\" alt=\"\" src=\"http:\/\/www.asucom.com.py\/wp-content\/uploads\/2020\/08\/LEISTUNG.jpg\" data-object-fit=\"cover\" srcset=\"http:\/\/www.asucom.com.py\/wp-content\/uploads\/2020\/08\/LEISTUNG.jpg 400w, http:\/\/www.asucom.com.py\/wp-content\/uploads\/2020\/08\/LEISTUNG-300x300.jpg 300w, http:\/\/www.asucom.com.py\/wp-content\/uploads\/2020\/08\/LEISTUNG-150x150.jpg 150w\" sizes=\"(max-width: 400px) 100vw, 400px\" \/><div class=\"wp-block-cover__inner-container is-layout-flow wp-block-cover-is-layout-flow\">\n<p class=\"has-text-align-center has-large-font-size\">Ventiladores<\/p>\n<\/div><\/div>\n\n\n\n<p class=\"has-text-align-center has-very-light-gray-background-color has-background\">Ventiladores pulmonares para cuidados intensivos <strong>LEISTUNG<\/strong><\/p>\n<\/div>\n\n\n\n<div class=\"wp-block-column is-layout-flow wp-block-column-is-layout-flow\">\n<div class=\"wp-block-cover has-background-dim\"><img decoding=\"async\" width=\"400\" height=\"400\" class=\"wp-block-cover__image-background wp-image-1877\" alt=\"\" src=\"http:\/\/www.asucom.com.py\/wp-content\/uploads\/2020\/08\/STERNMED.jpg\" data-object-fit=\"cover\" srcset=\"http:\/\/www.asucom.com.py\/wp-content\/uploads\/2020\/08\/STERNMED.jpg 400w, http:\/\/www.asucom.com.py\/wp-content\/uploads\/2020\/08\/STERNMED-300x300.jpg 300w, http:\/\/www.asucom.com.py\/wp-content\/uploads\/2020\/08\/STERNMED-150x150.jpg 150w\" sizes=\"(max-width: 400px) 100vw, 400px\" \/><div class=\"wp-block-cover__inner-container is-layout-flow wp-block-cover-is-layout-flow\">\n<p class=\"has-text-align-center has-large-font-size\">Monitores<\/p>\n<\/div><\/div>\n\n\n\n<p class=\"has-text-align-center has-very-light-gray-background-color has-background\">Monitores Multiparam\u00e9tricos <strong>STERNMED<\/strong><\/p>\n<\/div>\n\n\n\n<div class=\"wp-block-column is-layout-flow wp-block-column-is-layout-flow\">\n<div class=\"wp-block-cover has-background-dim\"><img loading=\"lazy\" decoding=\"async\" width=\"400\" height=\"400\" class=\"wp-block-cover__image-background wp-image-1874\" alt=\"\" src=\"http:\/\/www.asucom.com.py\/wp-content\/uploads\/2020\/08\/ITALRAY.jpg\" data-object-fit=\"cover\" srcset=\"http:\/\/www.asucom.com.py\/wp-content\/uploads\/2020\/08\/ITALRAY.jpg 400w, http:\/\/www.asucom.com.py\/wp-content\/uploads\/2020\/08\/ITALRAY-300x300.jpg 300w, http:\/\/www.asucom.com.py\/wp-content\/uploads\/2020\/08\/ITALRAY-150x150.jpg 150w\" sizes=\"(max-width: 400px) 100vw, 400px\" \/><div class=\"wp-block-cover__inner-container is-layout-flow wp-block-cover-is-layout-flow\">\n<p class=\"has-text-align-center has-large-font-size\">Rayos X<\/p>\n<\/div><\/div>\n\n\n\n<p class=\"has-text-align-center has-very-light-gray-background-color has-background\">Rayos X Digital M\u00f3vil <strong>ITALRAY<\/strong><\/p>\n<\/div>\n<\/div>\n\n\n\n<div class=\"wp-block-columns is-layout-flex wp-container-core-columns-is-layout-9d6595d7 wp-block-columns-is-layout-flex\">\n<div class=\"wp-block-column is-layout-flow wp-block-column-is-layout-flow\" style=\"flex-basis:100%\">\n<div class=\"wp-block-group\"><div class=\"wp-block-group__inner-container is-layout-flow wp-block-group-is-layout-flow\"><\/div><\/div>\n<\/div>\n<\/div>\n","protected":false},"excerpt":{"rendered":"<p>\u00a0 Portafolio COVID-19 Camas de internaci\u00f3n y de cuidados intensivos PARDO Ventiladores pulmonares para cuidados intensivos LEISTUNG Monitores Multiparam\u00e9tricos STERNMED Rayos X Digital M\u00f3vil ITALRAY<\/p>\n","protected":false},"author":1,"featured_media":0,"parent":0,"menu_order":90,"comment_status":"closed","ping_status":"closed","template":"page-fullwidth.php","meta":{"_mo_disable_npp":"","kt_blocks_editor_width":"","footnotes":""},"class_list":["post-5","page","type-page","status-publish","hentry"],"_links":{"self":[{"href":"http:\/\/www.asucom.com.py\/index.php?rest_route=\/wp\/v2\/pages\/5","targetHints":{"allow":["GET"]}}],"collection":[{"href":"http:\/\/www.asucom.com.py\/index.php?rest_route=\/wp\/v2\/pages"}],"about":[{"href":"http:\/\/www.asucom.com.py\/index.php?rest_route=\/wp\/v2\/types\/page"}],"author":[{"embeddable":true,"href":"http:\/\/www.asucom.com.py\/index.php?rest_route=\/wp\/v2\/users\/1"}],"replies":[{"embeddable":true,"href":"http:\/\/www.asucom.com.py\/index.php?rest_route=%2Fwp%2Fv2%2Fcomments&post=5"}],"version-history":[{"count":18,"href":"http:\/\/www.asucom.com.py\/index.php?rest_route=\/wp\/v2\/pages\/5\/revisions"}],"predecessor-version":[{"id":2101,"href":"http:\/\/www.asucom.com.py\/index.php?rest_route=\/wp\/v2\/pages\/5\/revisions\/2101"}],"wp:attachment":[{"href":"http:\/\/www.asucom.com.py\/index.php?rest_route=%2Fwp%2Fv2%2Fmedia&parent=5"}],"curies":[{"name":"wp","href":"https:\/\/api.w.org\/{rel}","templated":true}]}}